{"id":7,"date":"2021-04-18T05:37:25","date_gmt":"2021-04-18T03:37:25","guid":{"rendered":"http:\/\/voltai.pl\/?page_id=7"},"modified":"2021-04-19T13:22:53","modified_gmt":"2021-04-19T11:22:53","slug":"tworz-swoja-witryne-za-pomoca-blokow","status":"publish","type":"page","link":"http:\/\/voltai.pl\/","title":{"rendered":"VOLTAI:                               Us\u0142ugi elektryczne instalacje monta\u017c naprawa"},"content":{"rendered":"\n<h1 class=\"alignwide has-text-align-center has-text-align-wide has-extra-large-font-size wp-block-heading\" style=\"line-height:1.1\"><\/h1>\n\n\n\n<p><\/p>\n\n\n\n<p class=\"has-text-align-center\" style=\"font-size:32px\"><strong>Przyjm\u0119 zlecenia ma\u0142e i du\u017ce<\/strong><\/p>\n\n\n\n<p class=\"has-text-align-center\">VOLTAI to firma, kt\u00f3ra zajmuje si\u0119&nbsp;<strong>wykonywaniem us\u0142ug elektrycznych, instalacj\u0105, monta\u017cem, napraw\u0105 oraz serwisem instalacji elektrycznych&nbsp;<\/strong>w budownictwie jedno i wielorodzinnym. Kompleksowo wykonujemy elektroinstalacje tradycyjne a tak\u017ce inteligentne w budynkach nowo powsta\u0142ych oraz modernizujemy i wymieniamy instalacje elektryczne w obiektach remontowanych. Swoje us\u0142ugi oferujemy dla klient\u00f3w indywidualnych, a tak\u017ce firm, instytucji oraz sp\u00f3\u0142dzielni mieszkaniowych.<\/p>\n\n\n\n<p class=\"has-text-align-center\">Przed podj\u0119ciem si\u0119 prac nasz zesp\u00f3\u0142 opracuje dok\u0142adny projekt, w kt\u00f3rym zawarte b\u0119d\u0105 r\u00f3wnie\u017c dodatkowe przy\u0142\u0105cza, takie jak domofon, brama zewn\u0119trzna, o\u015bwietlenie zewn\u0119trzne czy urz\u0105dzenia do kontroli dost\u0119pu.<\/p>\n\n\n\n<p class=\"has-text-align-center\"><strong>Oferujemy wykonawstwo:<\/strong><\/p>\n\n\n\n<ul class=\"wp-block-list\"><li>Tradycyjnych instalacji elektrycznych<\/li><li>System\u00f3w inteligentnych &nbsp;budynk\u00f3w<\/li><li>Instalacji niskopr\u0105dowych (alarmowe, CCTV, kontrola dost\u0119pu)<\/li><\/ul>\n\n\n\n<div class=\"wp-block-columns alignwide are-vertically-aligned-center is-style-twentytwentyone-columns-overlap is-layout-flex wp-container-core-columns-is-layout-9d6595d7 wp-block-columns-is-layout-flex\">\n<div class=\"wp-block-column is-vertically-aligned-center is-layout-flow wp-block-column-is-layout-flow\">\n<figure class=\"wp-block-image alignfull size-large is-style-twentytwentyone-image-frame\"><img loading=\"lazy\" decoding=\"async\" width=\"683\" height=\"1024\" src=\"http:\/\/voltai.pl\/wp-content\/uploads\/2021\/04\/markus-spiske-kK7uPfb2YWU-unsplash-683x1024.jpg\" alt=\"\" class=\"wp-image-37\" srcset=\"http:\/\/voltai.pl\/wp-content\/uploads\/2021\/04\/markus-spiske-kK7uPfb2YWU-unsplash-683x1024.jpg 683w, http:\/\/voltai.pl\/wp-content\/uploads\/2021\/04\/markus-spiske-kK7uPfb2YWU-unsplash-200x300.jpg 200w, http:\/\/voltai.pl\/wp-content\/uploads\/2021\/04\/markus-spiske-kK7uPfb2YWU-unsplash-768x1152.jpg 768w, http:\/\/voltai.pl\/wp-content\/uploads\/2021\/04\/markus-spiske-kK7uPfb2YWU-unsplash-1024x1536.jpg 1024w, http:\/\/voltai.pl\/wp-content\/uploads\/2021\/04\/markus-spiske-kK7uPfb2YWU-unsplash-1365x2048.jpg 1365w, http:\/\/voltai.pl\/wp-content\/uploads\/2021\/04\/markus-spiske-kK7uPfb2YWU-unsplash-1568x2352.jpg 1568w, http:\/\/voltai.pl\/wp-content\/uploads\/2021\/04\/markus-spiske-kK7uPfb2YWU-unsplash-scaled.jpg 1707w\" sizes=\"auto, (max-width: 683px) 100vw, 683px\" \/><\/figure>\n\n\n\n<div style=\"height:100px\" aria-hidden=\"true\" class=\"wp-block-spacer\"><\/div>\n\n\n\n<figure class=\"wp-block-image alignfull size-large is-style-twentytwentyone-image-frame\"><img loading=\"lazy\" decoding=\"async\" width=\"1024\" height=\"769\" src=\"http:\/\/voltai.pl\/wp-content\/uploads\/2021\/04\/murat-onder-7lIrDouiacw-unsplash-1-1024x769.jpg\" alt=\"\" class=\"wp-image-64\" srcset=\"http:\/\/voltai.pl\/wp-content\/uploads\/2021\/04\/murat-onder-7lIrDouiacw-unsplash-1-1024x769.jpg 1024w, http:\/\/voltai.pl\/wp-content\/uploads\/2021\/04\/murat-onder-7lIrDouiacw-unsplash-1-300x225.jpg 300w, http:\/\/voltai.pl\/wp-content\/uploads\/2021\/04\/murat-onder-7lIrDouiacw-unsplash-1-768x577.jpg 768w, http:\/\/voltai.pl\/wp-content\/uploads\/2021\/04\/murat-onder-7lIrDouiacw-unsplash-1-1536x1153.jpg 1536w, http:\/\/voltai.pl\/wp-content\/uploads\/2021\/04\/murat-onder-7lIrDouiacw-unsplash-1-2048x1538.jpg 2048w, http:\/\/voltai.pl\/wp-content\/uploads\/2021\/04\/murat-onder-7lIrDouiacw-unsplash-1-1568x1178.jpg 1568w\" sizes=\"auto, (max-width: 1024px) 100vw, 1024px\" \/><\/figure>\n<\/div>\n\n\n\n<div class=\"wp-block-column is-vertically-aligned-center is-layout-flow wp-block-column-is-layout-flow\">\n<div style=\"height:100px\" aria-hidden=\"true\" class=\"wp-block-spacer\"><\/div>\n\n\n\n<figure class=\"wp-block-image size-large alignfull size-full is-style-twentytwentyone-image-frame\"><img loading=\"lazy\" decoding=\"async\" width=\"1024\" height=\"732\" src=\"http:\/\/voltai.pl\/wp-content\/uploads\/2021\/04\/lampochka-raznoe-osvetitelnye-pribory-os-1282167-1-1024x732.jpg\" alt=\"\" class=\"wp-image-155\" srcset=\"http:\/\/voltai.pl\/wp-content\/uploads\/2021\/04\/lampochka-raznoe-osvetitelnye-pribory-os-1282167-1-1024x732.jpg 1024w, http:\/\/voltai.pl\/wp-content\/uploads\/2021\/04\/lampochka-raznoe-osvetitelnye-pribory-os-1282167-1-300x214.jpg 300w, http:\/\/voltai.pl\/wp-content\/uploads\/2021\/04\/lampochka-raznoe-osvetitelnye-pribory-os-1282167-1-768x549.jpg 768w, http:\/\/voltai.pl\/wp-content\/uploads\/2021\/04\/lampochka-raznoe-osvetitelnye-pribory-os-1282167-1-1536x1097.jpg 1536w, http:\/\/voltai.pl\/wp-content\/uploads\/2021\/04\/lampochka-raznoe-osvetitelnye-pribory-os-1282167-1-1200x857.jpg 1200w, http:\/\/voltai.pl\/wp-content\/uploads\/2021\/04\/lampochka-raznoe-osvetitelnye-pribory-os-1282167-1-1980x1414.jpg 1980w, http:\/\/voltai.pl\/wp-content\/uploads\/2021\/04\/lampochka-raznoe-osvetitelnye-pribory-os-1282167-1.jpg 2048w\" sizes=\"auto, (max-width: 1024px) 100vw, 1024px\" \/><\/figure>\n<\/div>\n<\/div>\n\n\n\n<div style=\"height:50px\" aria-hidden=\"true\" class=\"wp-block-spacer\"><\/div>\n\n\n\n<div class=\"wp-block-columns alignwide are-vertically-aligned-top is-layout-flex wp-container-core-columns-is-layout-9d6595d7 wp-block-columns-is-layout-flex\">\n<div class=\"wp-block-column is-vertically-aligned-top is-layout-flow wp-block-column-is-layout-flow\">\n<h4 class=\"has-text-align-center wp-block-heading\"><strong>Profesjonalizm i punktualno\u015b\u0107<\/strong><\/h4>\n\n\n\n<figure class=\"wp-block-gallery aligncenter columns-1 is-cropped wp-block-gallery-1 is-layout-flex wp-block-gallery-is-layout-flex\"><ul class=\"blocks-gallery-grid\"><li class=\"blocks-gallery-item\"><figure><img loading=\"lazy\" decoding=\"async\" width=\"1024\" height=\"683\" src=\"http:\/\/voltai.pl\/wp-content\/uploads\/2021\/04\/anton-dmitriev-kBKOaghy8mU-unsplash-1024x683.jpg\" alt=\"\" data-id=\"131\" data-full-url=\"http:\/\/voltai.pl\/wp-content\/uploads\/2021\/04\/anton-dmitriev-kBKOaghy8mU-unsplash-scaled.jpg\" data-link=\"http:\/\/voltai.pl\/?attachment_id=131\" class=\"wp-image-131\" srcset=\"http:\/\/voltai.pl\/wp-content\/uploads\/2021\/04\/anton-dmitriev-kBKOaghy8mU-unsplash-1024x683.jpg 1024w, http:\/\/voltai.pl\/wp-content\/uploads\/2021\/04\/anton-dmitriev-kBKOaghy8mU-unsplash-300x200.jpg 300w, http:\/\/voltai.pl\/wp-content\/uploads\/2021\/04\/anton-dmitriev-kBKOaghy8mU-unsplash-768x512.jpg 768w, http:\/\/voltai.pl\/wp-content\/uploads\/2021\/04\/anton-dmitriev-kBKOaghy8mU-unsplash-1536x1024.jpg 1536w, http:\/\/voltai.pl\/wp-content\/uploads\/2021\/04\/anton-dmitriev-kBKOaghy8mU-unsplash-2048x1365.jpg 2048w, http:\/\/voltai.pl\/wp-content\/uploads\/2021\/04\/anton-dmitriev-kBKOaghy8mU-unsplash-1568x1045.jpg 1568w\" sizes=\"auto, (max-width: 1024px) 100vw, 1024px\" \/><\/figure><\/li><\/ul><\/figure>\n\n\n\n<p class=\"has-text-align-center\"><\/p>\n\n\n\n<p class=\"has-text-align-center has-small-font-size\">Cechujemy si\u0119 rzetelno\u015bci\u0105, solidno\u015bci\u0105 i sumienno\u015bci\u0105. <\/p>\n\n\n\n<p class=\"has-text-align-center has-small-font-size\">Nasza kadra sk\u0142ada si\u0119 z ambitnych i do\u015bwiadczonych pracownik\u00f3w, kt\u00f3rzy stale podnosz\u0105 swoje kwalifikacje i umiej\u0119tno\u015bci. <\/p>\n\n\n\n<p class=\"has-text-align-center has-small-font-size\">Dzi\u0119ki regularnym szkoleniom jeste\u015bmy coraz doskonalsi w swojej profesji.<\/p>\n\n\n\n<p><\/p>\n<\/div>\n\n\n\n<div class=\"wp-block-column is-vertically-aligned-top is-layout-flow wp-block-column-is-layout-flow\">\n<h4 class=\"has-text-align-center wp-block-heading\"><strong><strong>Bez przekraczania bud\u017cetu<\/strong><\/strong><\/h4>\n\n\n\n<figure class=\"wp-block-gallery columns-1 is-cropped wp-block-gallery-2 is-layout-flex wp-block-gallery-is-layout-flex\"><ul class=\"blocks-gallery-grid\"><li class=\"blocks-gallery-item\"><figure><img loading=\"lazy\" decoding=\"async\" width=\"1024\" height=\"683\" src=\"http:\/\/voltai.pl\/wp-content\/uploads\/2021\/04\/neven-krcmarek-67FG6zD8WPQ-unsplash-1-1024x683.jpg\" alt=\"\" data-id=\"127\" data-full-url=\"http:\/\/voltai.pl\/wp-content\/uploads\/2021\/04\/neven-krcmarek-67FG6zD8WPQ-unsplash-1-scaled.jpg\" data-link=\"http:\/\/voltai.pl\/?attachment_id=127\" class=\"wp-image-127\" srcset=\"http:\/\/voltai.pl\/wp-content\/uploads\/2021\/04\/neven-krcmarek-67FG6zD8WPQ-unsplash-1-1024x683.jpg 1024w, http:\/\/voltai.pl\/wp-content\/uploads\/2021\/04\/neven-krcmarek-67FG6zD8WPQ-unsplash-1-300x200.jpg 300w, http:\/\/voltai.pl\/wp-content\/uploads\/2021\/04\/neven-krcmarek-67FG6zD8WPQ-unsplash-1-768x512.jpg 768w, http:\/\/voltai.pl\/wp-content\/uploads\/2021\/04\/neven-krcmarek-67FG6zD8WPQ-unsplash-1-1536x1024.jpg 1536w, http:\/\/voltai.pl\/wp-content\/uploads\/2021\/04\/neven-krcmarek-67FG6zD8WPQ-unsplash-1-2048x1365.jpg 2048w, http:\/\/voltai.pl\/wp-content\/uploads\/2021\/04\/neven-krcmarek-67FG6zD8WPQ-unsplash-1-1568x1045.jpg 1568w\" sizes=\"auto, (max-width: 1024px) 100vw, 1024px\" \/><\/figure><\/li><\/ul><\/figure>\n\n\n\n<p class=\"has-text-align-center\"><\/p>\n\n\n\n<p class=\"has-text-align-center has-small-font-size\">Prace przy instalacjach elektrycznych, o\u015bwietleniowych, odgromowych, alarmowych czy domofonowych wymagaj\u0105 nie tylko specjalistycznego sprz\u0119tu, ale r\u00f3wnie\u017c wielkiego do\u015bwiadczenia i wymaganych uprawnie\u0144. To wszystko posiadaj\u0105 elektrycy z VOLTAI gwarantuj\u0105cy Pa\u0144stwu nie tylko sw\u00f3j profesjonalizm, ale r\u00f3wnie\u017c solidno\u015b\u0107, kultur\u0119 osobist\u0105 oraz konkurencyjne ceny.<\/p>\n<\/div>\n\n\n\n<div class=\"wp-block-column is-vertically-aligned-top is-layout-flow wp-block-column-is-layout-flow\">\n<h4 class=\"has-text-align-center wp-block-heading\"><strong><strong>Profesjonalista w ka\u017cdym calu<\/strong><\/strong><\/h4>\n\n\n\n<figure class=\"wp-block-gallery columns-1 is-cropped wp-block-gallery-3 is-layout-flex wp-block-gallery-is-layout-flex\"><ul class=\"blocks-gallery-grid\"><li class=\"blocks-gallery-item\"><figure><img loading=\"lazy\" decoding=\"async\" width=\"1024\" height=\"683\" src=\"http:\/\/voltai.pl\/wp-content\/uploads\/2021\/04\/living-smarter-_ls5G4ewAo8-unsplash-1024x683.jpg\" alt=\"\" data-id=\"122\" data-full-url=\"http:\/\/voltai.pl\/wp-content\/uploads\/2021\/04\/living-smarter-_ls5G4ewAo8-unsplash-scaled.jpg\" data-link=\"http:\/\/voltai.pl\/?attachment_id=122\" class=\"wp-image-122\" srcset=\"http:\/\/voltai.pl\/wp-content\/uploads\/2021\/04\/living-smarter-_ls5G4ewAo8-unsplash-1024x683.jpg 1024w, http:\/\/voltai.pl\/wp-content\/uploads\/2021\/04\/living-smarter-_ls5G4ewAo8-unsplash-300x200.jpg 300w, http:\/\/voltai.pl\/wp-content\/uploads\/2021\/04\/living-smarter-_ls5G4ewAo8-unsplash-768x512.jpg 768w, http:\/\/voltai.pl\/wp-content\/uploads\/2021\/04\/living-smarter-_ls5G4ewAo8-unsplash-1536x1024.jpg 1536w, http:\/\/voltai.pl\/wp-content\/uploads\/2021\/04\/living-smarter-_ls5G4ewAo8-unsplash-2048x1365.jpg 2048w, http:\/\/voltai.pl\/wp-content\/uploads\/2021\/04\/living-smarter-_ls5G4ewAo8-unsplash-1568x1045.jpg 1568w\" sizes=\"auto, (max-width: 1024px) 100vw, 1024px\" \/><\/figure><\/li><\/ul><\/figure>\n\n\n\n<p class=\"has-text-align-center\"><\/p>\n\n\n\n<p class=\"has-text-align-center has-small-font-size\">Dlaczego warto z nami wsp\u00f3\u0142pracowa\u0107:<br>Wysokie kompetencje techniczne<br>Uprawnienia SEP<br>Wiele lat do\u015bwiadczenia<br>Najwy\u017csza jako\u015b\u0107 us\u0142ug i kultura osobista<br>Zestaw narz\u0119dzi i standardowe materia\u0142y mamy ze sob\u0105 wi\u0119c nie musisz p\u0142aci\u0107 dwa razy<br>Diagnoza w cenie us\u0142ugi<br>Bezp\u0142atny dojazd<br>Bardzo rozs\u0105dne ceny us\u0142ug<br>Wystawiamy faktury i paragony<\/p>\n\n\n\n<p><\/p>\n<\/div>\n<\/div>\n\n\n\n<div style=\"height:100px\" aria-hidden=\"true\" class=\"wp-block-spacer\"><\/div>\n","protected":false},"excerpt":{"rendered":"<p>Przyjm\u0119 zlecenia ma\u0142e i du\u017ce VOLTAI to firma, kt\u00f3ra zajmuje si\u0119&nbsp;wykonywaniem us\u0142ug elektrycznych, instalacj\u0105, monta\u017cem, napraw\u0105 oraz serwisem instalacji elektrycznych&nbsp;w budownictwie jedno i wielorodzinnym. Kompleksowo wykonujemy elektroinstalacje tradycyjne a tak\u017ce inteligentne w budynkach nowo powsta\u0142ych oraz modernizujemy i wymieniamy instalacje elektryczne w obiektach remontowanych. Swoje us\u0142ugi oferujemy dla klient\u00f3w indywidualnych, a tak\u017ce firm, instytucji oraz [&hellip;]<\/p>\n","protected":false},"author":1,"featured_media":0,"parent":0,"menu_order":0,"comment_status":"closed","ping_status":"closed","template":"","meta":{"footnotes":""},"class_list":["post-7","page","type-page","status-publish","hentry"],"yoast_head":"<!-- This site is optimized with the Yoast SEO plugin v16.1.1 - https:\/\/yoast.com\/wordpress\/plugins\/seo\/ -->\n<title>VOLTAI:                Us\u0142ugi elektryczne instalacje monta\u017c naprawa - VOLTAI<\/title>\n<link rel=\"canonical\" href=\"http:\/\/voltai.pl\/\" \/>\n<meta property=\"og:locale\" content=\"en_US\" \/>\n<meta property=\"og:type\" content=\"article\" \/>\n<meta property=\"og:title\" content=\"VOLTAI:                Us\u0142ugi elektryczne instalacje monta\u017c naprawa - VOLTAI\" \/>\n<meta property=\"og:description\" content=\"Przyjm\u0119 zlecenia ma\u0142e i du\u017ce VOLTAI to firma, kt\u00f3ra zajmuje si\u0119&nbsp;wykonywaniem us\u0142ug elektrycznych, instalacj\u0105, monta\u017cem, napraw\u0105 oraz serwisem instalacji elektrycznych&nbsp;w budownictwie jedno i wielorodzinnym. Kompleksowo wykonujemy elektroinstalacje tradycyjne a tak\u017ce inteligentne w budynkach nowo powsta\u0142ych oraz modernizujemy i wymieniamy instalacje elektryczne w obiektach remontowanych. Swoje us\u0142ugi oferujemy dla klient\u00f3w indywidualnych, a tak\u017ce firm, instytucji oraz [&hellip;]\" \/>\n<meta property=\"og:url\" content=\"http:\/\/voltai.pl\/\" \/>\n<meta property=\"og:site_name\" content=\"VOLTAI\" \/>\n<meta property=\"article:modified_time\" content=\"2021-04-19T11:22:53+00:00\" \/>\n<meta property=\"og:image\" content=\"http:\/\/voltai.pl\/wp-content\/uploads\/2021\/04\/markus-spiske-kK7uPfb2YWU-unsplash-683x1024.jpg\" \/>\n<meta name=\"twitter:card\" content=\"summary_large_image\" \/>\n<meta name=\"twitter:label1\" content=\"Est. reading time\">\n\t<meta name=\"twitter:data1\" content=\"3 minutes\">\n<script type=\"application\/ld+json\" class=\"yoast-schema-graph\">{\"@context\":\"https:\/\/schema.org\",\"@graph\":[{\"@type\":\"WebSite\",\"@id\":\"http:\/\/voltai.pl\/#website\",\"url\":\"http:\/\/voltai.pl\/\",\"name\":\"VOLTAI\",\"description\":\"\",\"potentialAction\":[{\"@type\":\"SearchAction\",\"target\":\"http:\/\/voltai.pl\/?s={search_term_string}\",\"query-input\":\"required name=search_term_string\"}],\"inLanguage\":\"en-US\"},{\"@type\":\"ImageObject\",\"@id\":\"http:\/\/voltai.pl\/#primaryimage\",\"inLanguage\":\"en-US\",\"url\":\"http:\/\/voltai.pl\/wp-content\/uploads\/2021\/04\/markus-spiske-kK7uPfb2YWU-unsplash-683x1024.jpg\",\"contentUrl\":\"http:\/\/voltai.pl\/wp-content\/uploads\/2021\/04\/markus-spiske-kK7uPfb2YWU-unsplash-683x1024.jpg\"},{\"@type\":\"WebPage\",\"@id\":\"http:\/\/voltai.pl\/#webpage\",\"url\":\"http:\/\/voltai.pl\/\",\"name\":\"VOLTAI: Us\\u0142ugi elektryczne instalacje monta\\u017c naprawa - VOLTAI\",\"isPartOf\":{\"@id\":\"http:\/\/voltai.pl\/#website\"},\"primaryImageOfPage\":{\"@id\":\"http:\/\/voltai.pl\/#primaryimage\"},\"datePublished\":\"2021-04-18T03:37:25+00:00\",\"dateModified\":\"2021-04-19T11:22:53+00:00\",\"breadcrumb\":{\"@id\":\"http:\/\/voltai.pl\/#breadcrumb\"},\"inLanguage\":\"en-US\",\"potentialAction\":[{\"@type\":\"ReadAction\",\"target\":[\"http:\/\/voltai.pl\/\"]}]},{\"@type\":\"BreadcrumbList\",\"@id\":\"http:\/\/voltai.pl\/#breadcrumb\",\"itemListElement\":[{\"@type\":\"ListItem\",\"position\":1,\"item\":{\"@type\":\"WebPage\",\"@id\":\"http:\/\/voltai.pl\/\",\"url\":\"http:\/\/voltai.pl\/\",\"name\":\"Home\"}},{\"@type\":\"ListItem\",\"position\":2,\"item\":{\"@type\":\"WebPage\",\"@id\":\"http:\/\/voltai.pl\/\",\"url\":\"http:\/\/voltai.pl\/\",\"name\":\"VOLTAI: Us\\u0142ugi elektryczne instalacje monta\\u017c naprawa\"}}]}]}<\/script>\n<!-- \/ Yoast SEO plugin. -->","_links":{"self":[{"href":"http:\/\/voltai.pl\/index.php?rest_route=\/wp\/v2\/pages\/7","targetHints":{"allow":["GET"]}}],"collection":[{"href":"http:\/\/voltai.pl\/index.php?rest_route=\/wp\/v2\/pages"}],"about":[{"href":"http:\/\/voltai.pl\/index.php?rest_route=\/wp\/v2\/types\/page"}],"author":[{"embeddable":true,"href":"http:\/\/voltai.pl\/index.php?rest_route=\/wp\/v2\/users\/1"}],"replies":[{"embeddable":true,"href":"http:\/\/voltai.pl\/index.php?rest_route=%2Fwp%2Fv2%2Fcomments&post=7"}],"version-history":[{"count":21,"href":"http:\/\/voltai.pl\/index.php?rest_route=\/wp\/v2\/pages\/7\/revisions"}],"predecessor-version":[{"id":159,"href":"http:\/\/voltai.pl\/index.php?rest_route=\/wp\/v2\/pages\/7\/revisions\/159"}],"wp:attachment":[{"href":"http:\/\/voltai.pl\/index.php?rest_route=%2Fwp%2Fv2%2Fmedia&parent=7"}],"curies":[{"name":"wp","href":"https:\/\/api.w.org\/{rel}","templated":true}]}}