{"id":8,"date":"2021-04-18T05:37:26","date_gmt":"2021-04-18T03:37:26","guid":{"rendered":"http:\/\/voltai.pl\/?page_id=8"},"modified":"2021-04-18T13:11:11","modified_gmt":"2021-04-18T11:11:11","slug":"o-nas","status":"publish","type":"page","link":"http:\/\/voltai.pl\/?page_id=8","title":{"rendered":"Dowiedz si\u0119 wi\u0119cej o naszych us\u0142ugach"},"content":{"rendered":"\n<h2 class=\"has-text-align-center wp-block-heading\"><\/h2>\n\n\n\n<p>&nbsp;<\/p>\n\n\n\n<figure class=\"wp-block-gallery columns-1 is-cropped wp-block-gallery-1 is-layout-flex wp-block-gallery-is-layout-flex\"><ul class=\"blocks-gallery-grid\"><li class=\"blocks-gallery-item\"><figure><img loading=\"lazy\" decoding=\"async\" width=\"1024\" height=\"325\" src=\"http:\/\/voltai.pl\/wp-content\/uploads\/2021\/04\/Przechwytywanie1-1-1024x325.png\" alt=\"\" data-id=\"143\" data-full-url=\"http:\/\/voltai.pl\/wp-content\/uploads\/2021\/04\/Przechwytywanie1-1.png\" data-link=\"http:\/\/voltai.pl\/?attachment_id=143\" class=\"wp-image-143\" srcset=\"http:\/\/voltai.pl\/wp-content\/uploads\/2021\/04\/Przechwytywanie1-1-1024x325.png 1024w, http:\/\/voltai.pl\/wp-content\/uploads\/2021\/04\/Przechwytywanie1-1-300x95.png 300w, http:\/\/voltai.pl\/wp-content\/uploads\/2021\/04\/Przechwytywanie1-1-768x244.png 768w, http:\/\/voltai.pl\/wp-content\/uploads\/2021\/04\/Przechwytywanie1-1-1536x488.png 1536w, http:\/\/voltai.pl\/wp-content\/uploads\/2021\/04\/Przechwytywanie1-1-1200x381.png 1200w, http:\/\/voltai.pl\/wp-content\/uploads\/2021\/04\/Przechwytywanie1-1.png 1767w\" sizes=\"auto, (max-width: 1024px) 100vw, 1024px\" \/><\/figure><\/li><\/ul><\/figure>\n\n\n\n<p>Oto tylko niekt\u00f3re z d\u0142ugiej listy naszych us\u0142ug elektrycznych. Je\u017celi na li\u015bcie poni\u017cej nie znajdziecie Waszego problemu. To i tak prosimy o telefon \u2013 najprawdopodobniej i tak b\u0119dziemy w stanie pom\u00f3c:<\/p>\n\n\n\n<ul class=\"wp-block-list\"><li>Usuwanie awarii elektrycznych<\/li><li>Wymiana skrzynek bezpiecznikowych lub rozdzielni<\/li><li>Monta\u017c instalacji elektrycznych (r\u00f3wnie\u017c natynkowych i listwowych):<ul><li>zasilaj\u0105cych\u00a0<\/li><li>o\u015bwietleniowych<\/li><li>odgromowych<\/li><li>inteligentnych<\/li><\/ul><\/li><li>Monta\u017c instalacji domofonowych<\/li><li>Monta\u017c instalacji RTV<\/li><li>Naprawa lub wymiana uszkodzonych gniazdek, bezpiecznik\u00f3w, itp.<\/li><li>Monta\u017c \u017cyrandoli, plafon\u00f3w, kinkiet\u00f3w, o\u015bwietlenia punktowego, szyld\u00f3w reklamowych.<\/li><li>Instalacja i podbicie gwarancji p\u0142yt indukcyjnych, elektrycznych czy ceramicznych<\/li><li>Wszelkiego rodzaju pomiary elektryczne:\u00a0<ul><li>napi\u0119cia znamionowego<\/li><li>sprawdzenie biegunowo\u015bci\u00a0<\/li><li>ochrony przeciwpo\u017carowej\u00a0<\/li><li>zabezpiecze\u0144 r\u00f3\u017cnicowopr\u0105dowych<\/li><\/ul><\/li><li>I wiele, wiele innych&#8230;<\/li><\/ul>\n\n\n\n<p><\/p>\n\n\n\n<figure class=\"wp-block-gallery columns-2 is-cropped wp-block-gallery-2 is-layout-flex wp-block-gallery-is-layout-flex\"><ul class=\"blocks-gallery-grid\"><li class=\"blocks-gallery-item\"><figure><img loading=\"lazy\" decoding=\"async\" width=\"1024\" height=\"821\" src=\"http:\/\/voltai.pl\/wp-content\/uploads\/2021\/04\/riccardo-annandale-7e2pe9wjL9M-unsplash-1024x821.jpg\" alt=\"\" data-id=\"45\" data-link=\"http:\/\/voltai.pl\/?attachment_id=45\" class=\"wp-image-45\" srcset=\"http:\/\/voltai.pl\/wp-content\/uploads\/2021\/04\/riccardo-annandale-7e2pe9wjL9M-unsplash-1024x821.jpg 1024w, http:\/\/voltai.pl\/wp-content\/uploads\/2021\/04\/riccardo-annandale-7e2pe9wjL9M-unsplash-300x240.jpg 300w, http:\/\/voltai.pl\/wp-content\/uploads\/2021\/04\/riccardo-annandale-7e2pe9wjL9M-unsplash-768x616.jpg 768w, http:\/\/voltai.pl\/wp-content\/uploads\/2021\/04\/riccardo-annandale-7e2pe9wjL9M-unsplash-1536x1231.jpg 1536w, http:\/\/voltai.pl\/wp-content\/uploads\/2021\/04\/riccardo-annandale-7e2pe9wjL9M-unsplash-1568x1257.jpg 1568w, http:\/\/voltai.pl\/wp-content\/uploads\/2021\/04\/riccardo-annandale-7e2pe9wjL9M-unsplash.jpg 1981w\" sizes=\"auto, (max-width: 1024px) 100vw, 1024px\" \/><\/figure><\/li><li class=\"blocks-gallery-item\"><figure><img loading=\"lazy\" decoding=\"async\" width=\"1024\" height=\"682\" src=\"http:\/\/voltai.pl\/wp-content\/uploads\/2021\/04\/intrapixel-7XaBaKwrV1E-unsplash-1-1-1024x682.jpg\" alt=\"\" data-id=\"87\" data-full-url=\"http:\/\/voltai.pl\/wp-content\/uploads\/2021\/04\/intrapixel-7XaBaKwrV1E-unsplash-1-1-scaled.jpg\" data-link=\"http:\/\/voltai.pl\/?attachment_id=87\" class=\"wp-image-87\" srcset=\"http:\/\/voltai.pl\/wp-content\/uploads\/2021\/04\/intrapixel-7XaBaKwrV1E-unsplash-1-1-1024x682.jpg 1024w, http:\/\/voltai.pl\/wp-content\/uploads\/2021\/04\/intrapixel-7XaBaKwrV1E-unsplash-1-1-300x200.jpg 300w, http:\/\/voltai.pl\/wp-content\/uploads\/2021\/04\/intrapixel-7XaBaKwrV1E-unsplash-1-1-768x511.jpg 768w, http:\/\/voltai.pl\/wp-content\/uploads\/2021\/04\/intrapixel-7XaBaKwrV1E-unsplash-1-1-1536x1023.jpg 1536w, http:\/\/voltai.pl\/wp-content\/uploads\/2021\/04\/intrapixel-7XaBaKwrV1E-unsplash-1-1-2048x1364.jpg 2048w, http:\/\/voltai.pl\/wp-content\/uploads\/2021\/04\/intrapixel-7XaBaKwrV1E-unsplash-1-1-1568x1044.jpg 1568w\" sizes=\"auto, (max-width: 1024px) 100vw, 1024px\" \/><\/figure><\/li><\/ul><\/figure>\n\n\n\n<p class=\"has-text-align-center\">Nasze dzia\u0142ania dostosowujemy do indywidualnych potrzeb klienta, tak aby spe\u0142nia\u0142y Jego oczekiwania. Pomagamy w wyborze osprz\u0119tu elektrycznego, w&nbsp;wykonywanych przez nas&nbsp;instalacjach&nbsp;proponujemy wy\u0142\u0105cznie sprawdzone rozwi\u0105zania wykorzystuj\u0105c produkty uznanych firm krajowych i zagranicznych. Stawiamy na skuteczno\u015b\u0107 i niezawodno\u015b\u0107, sumiennie i profesjonalnie wykonujemy ka\u017cde zlecenie.<\/p>\n\n\n\n<p class=\"has-text-align-center\">Nie da si\u0119 nie zauwa\u017cy\u0107 tego, \u017ce inteligentna instalacja elektryczna jest przysz\u0142o\u015bci\u0105, kt\u00f3ra wejdzie do u\u017cytku jako standard dnia powszedniego. Wychodz\u0105c naprzeciw tym zapotrzebowaniom wykonujemy te\u017c automatyk\u0119 budynkow\u0105 oraz instalacje inteligentne przewodowe i bezprzewodowe.<\/p>\n\n\n\n<p class=\"has-text-align-center\"><strong> <\/strong><\/p>\n\n\n\n<p class=\"has-text-align-center\"><\/p>\n\n\n\n<p class=\"has-text-align-center\"><\/p>\n\n\n\n<figure class=\"wp-block-gallery columns-2 is-cropped wp-block-gallery-3 is-layout-flex wp-block-gallery-is-layout-flex\"><ul class=\"blocks-gallery-grid\"><li class=\"blocks-gallery-item\"><figure><img loading=\"lazy\" decoding=\"async\" width=\"1024\" height=\"768\" src=\"http:\/\/voltai.pl\/wp-content\/uploads\/2021\/04\/troy-bridges-kXC6XhVL1e4-unsplash-1-1024x768.jpg\" alt=\"\" data-id=\"90\" data-link=\"http:\/\/voltai.pl\/?attachment_id=90\" class=\"wp-image-90\" srcset=\"http:\/\/voltai.pl\/wp-content\/uploads\/2021\/04\/troy-bridges-kXC6XhVL1e4-unsplash-1-1024x768.jpg 1024w, http:\/\/voltai.pl\/wp-content\/uploads\/2021\/04\/troy-bridges-kXC6XhVL1e4-unsplash-1-300x225.jpg 300w, http:\/\/voltai.pl\/wp-content\/uploads\/2021\/04\/troy-bridges-kXC6XhVL1e4-unsplash-1-768x576.jpg 768w, http:\/\/voltai.pl\/wp-content\/uploads\/2021\/04\/troy-bridges-kXC6XhVL1e4-unsplash-1-1536x1152.jpg 1536w, http:\/\/voltai.pl\/wp-content\/uploads\/2021\/04\/troy-bridges-kXC6XhVL1e4-unsplash-1-2048x1536.jpg 2048w, http:\/\/voltai.pl\/wp-content\/uploads\/2021\/04\/troy-bridges-kXC6XhVL1e4-unsplash-1-1568x1176.jpg 1568w\" sizes=\"auto, (max-width: 1024px) 100vw, 1024px\" \/><\/figure><\/li><li class=\"blocks-gallery-item\"><figure><img loading=\"lazy\" decoding=\"async\" width=\"1024\" height=\"768\" src=\"http:\/\/voltai.pl\/wp-content\/uploads\/2021\/04\/troy-bridges-kmYCZhFyfks-unsplash-3-1024x768.jpg\" alt=\"\" data-id=\"91\" data-full-url=\"http:\/\/voltai.pl\/wp-content\/uploads\/2021\/04\/troy-bridges-kmYCZhFyfks-unsplash-3-scaled.jpg\" data-link=\"http:\/\/voltai.pl\/?attachment_id=91\" class=\"wp-image-91\" srcset=\"http:\/\/voltai.pl\/wp-content\/uploads\/2021\/04\/troy-bridges-kmYCZhFyfks-unsplash-3-1024x768.jpg 1024w, http:\/\/voltai.pl\/wp-content\/uploads\/2021\/04\/troy-bridges-kmYCZhFyfks-unsplash-3-300x225.jpg 300w, http:\/\/voltai.pl\/wp-content\/uploads\/2021\/04\/troy-bridges-kmYCZhFyfks-unsplash-3-768x576.jpg 768w, http:\/\/voltai.pl\/wp-content\/uploads\/2021\/04\/troy-bridges-kmYCZhFyfks-unsplash-3-1536x1152.jpg 1536w, http:\/\/voltai.pl\/wp-content\/uploads\/2021\/04\/troy-bridges-kmYCZhFyfks-unsplash-3-2048x1536.jpg 2048w, http:\/\/voltai.pl\/wp-content\/uploads\/2021\/04\/troy-bridges-kmYCZhFyfks-unsplash-3-1568x1176.jpg 1568w\" sizes=\"auto, (max-width: 1024px) 100vw, 1024px\" \/><\/figure><\/li><\/ul><\/figure>\n","protected":false},"excerpt":{"rendered":"<p>&nbsp; Oto tylko niekt\u00f3re z d\u0142ugiej listy naszych us\u0142ug elektrycznych. Je\u017celi na li\u015bcie poni\u017cej nie znajdziecie Waszego problemu. To i tak prosimy o telefon \u2013 najprawdopodobniej i tak b\u0119dziemy w stanie pom\u00f3c: Usuwanie awarii elektrycznych Wymiana skrzynek bezpiecznikowych lub rozdzielni Monta\u017c instalacji elektrycznych (r\u00f3wnie\u017c natynkowych i listwowych): zasilaj\u0105cych\u00a0 o\u015bwietleniowych odgromowych inteligentnych Monta\u017c instalacji domofonowych Monta\u017c [&hellip;]<\/p>\n","protected":false},"author":1,"featured_media":0,"parent":0,"menu_order":0,"comment_status":"closed","ping_status":"closed","template":"","meta":{"footnotes":""},"class_list":["post-8","page","type-page","status-publish","hentry"],"yoast_head":"<!-- This site is optimized with the Yoast SEO plugin v16.1.1 - https:\/\/yoast.com\/wordpress\/plugins\/seo\/ -->\n<title>Dowiedz si\u0119 wi\u0119cej o naszych us\u0142ugach - VOLTAI<\/title>\n<link rel=\"canonical\" href=\"http:\/\/voltai.pl\/?page_id=8\" \/>\n<meta property=\"og:locale\" content=\"en_US\" \/>\n<meta property=\"og:type\" content=\"article\" \/>\n<meta property=\"og:title\" content=\"Dowiedz si\u0119 wi\u0119cej o naszych us\u0142ugach - VOLTAI\" \/>\n<meta property=\"og:description\" content=\"&nbsp; Oto tylko niekt\u00f3re z d\u0142ugiej listy naszych us\u0142ug elektrycznych. Je\u017celi na li\u015bcie poni\u017cej nie znajdziecie Waszego problemu. To i tak prosimy o telefon \u2013 najprawdopodobniej i tak b\u0119dziemy w stanie pom\u00f3c: Usuwanie awarii elektrycznych Wymiana skrzynek bezpiecznikowych lub rozdzielni Monta\u017c instalacji elektrycznych (r\u00f3wnie\u017c natynkowych i listwowych): zasilaj\u0105cych\u00a0 o\u015bwietleniowych odgromowych inteligentnych Monta\u017c instalacji domofonowych Monta\u017c [&hellip;]\" \/>\n<meta property=\"og:url\" content=\"http:\/\/voltai.pl\/?page_id=8\" \/>\n<meta property=\"og:site_name\" content=\"VOLTAI\" \/>\n<meta property=\"article:modified_time\" content=\"2021-04-18T11:11:11+00:00\" \/>\n<meta property=\"og:image\" content=\"http:\/\/voltai.pl\/wp-content\/uploads\/2021\/04\/Przechwytywanie1-1-1024x325.png\" \/>\n<meta name=\"twitter:card\" content=\"summary_large_image\" \/>\n<meta name=\"twitter:label1\" content=\"Est. reading time\">\n\t<meta name=\"twitter:data1\" content=\"2 minutes\">\n<script type=\"application\/ld+json\" class=\"yoast-schema-graph\">{\"@context\":\"https:\/\/schema.org\",\"@graph\":[{\"@type\":\"WebSite\",\"@id\":\"http:\/\/voltai.pl\/#website\",\"url\":\"http:\/\/voltai.pl\/\",\"name\":\"VOLTAI\",\"description\":\"\",\"potentialAction\":[{\"@type\":\"SearchAction\",\"target\":\"http:\/\/voltai.pl\/?s={search_term_string}\",\"query-input\":\"required name=search_term_string\"}],\"inLanguage\":\"en-US\"},{\"@type\":\"ImageObject\",\"@id\":\"http:\/\/voltai.pl\/?page_id=8#primaryimage\",\"inLanguage\":\"en-US\",\"url\":\"http:\/\/voltai.pl\/wp-content\/uploads\/2021\/04\/Przechwytywanie1-1.png\",\"contentUrl\":\"http:\/\/voltai.pl\/wp-content\/uploads\/2021\/04\/Przechwytywanie1-1.png\",\"width\":1767,\"height\":561},{\"@type\":\"WebPage\",\"@id\":\"http:\/\/voltai.pl\/?page_id=8#webpage\",\"url\":\"http:\/\/voltai.pl\/?page_id=8\",\"name\":\"Dowiedz si\\u0119 wi\\u0119cej o naszych us\\u0142ugach - VOLTAI\",\"isPartOf\":{\"@id\":\"http:\/\/voltai.pl\/#website\"},\"primaryImageOfPage\":{\"@id\":\"http:\/\/voltai.pl\/?page_id=8#primaryimage\"},\"datePublished\":\"2021-04-18T03:37:26+00:00\",\"dateModified\":\"2021-04-18T11:11:11+00:00\",\"breadcrumb\":{\"@id\":\"http:\/\/voltai.pl\/?page_id=8#breadcrumb\"},\"inLanguage\":\"en-US\",\"potentialAction\":[{\"@type\":\"ReadAction\",\"target\":[\"http:\/\/voltai.pl\/?page_id=8\"]}]},{\"@type\":\"BreadcrumbList\",\"@id\":\"http:\/\/voltai.pl\/?page_id=8#breadcrumb\",\"itemListElement\":[{\"@type\":\"ListItem\",\"position\":1,\"item\":{\"@type\":\"WebPage\",\"@id\":\"http:\/\/voltai.pl\/\",\"url\":\"http:\/\/voltai.pl\/\",\"name\":\"Home\"}},{\"@type\":\"ListItem\",\"position\":2,\"item\":{\"@type\":\"WebPage\",\"@id\":\"http:\/\/voltai.pl\/?page_id=8\",\"url\":\"http:\/\/voltai.pl\/?page_id=8\",\"name\":\"Dowiedz si\\u0119 wi\\u0119cej o naszych us\\u0142ugach\"}}]}]}<\/script>\n<!-- \/ Yoast SEO plugin. -->","_links":{"self":[{"href":"http:\/\/voltai.pl\/index.php?rest_route=\/wp\/v2\/pages\/8","targetHints":{"allow":["GET"]}}],"collection":[{"href":"http:\/\/voltai.pl\/index.php?rest_route=\/wp\/v2\/pages"}],"about":[{"href":"http:\/\/voltai.pl\/index.php?rest_route=\/wp\/v2\/types\/page"}],"author":[{"embeddable":true,"href":"http:\/\/voltai.pl\/index.php?rest_route=\/wp\/v2\/users\/1"}],"replies":[{"embeddable":true,"href":"http:\/\/voltai.pl\/index.php?rest_route=%2Fwp%2Fv2%2Fcomments&post=8"}],"version-history":[{"count":9,"href":"http:\/\/voltai.pl\/index.php?rest_route=\/wp\/v2\/pages\/8\/revisions"}],"predecessor-version":[{"id":147,"href":"http:\/\/voltai.pl\/index.php?rest_route=\/wp\/v2\/pages\/8\/revisions\/147"}],"wp:attachment":[{"href":"http:\/\/voltai.pl\/index.php?rest_route=%2Fwp%2Fv2%2Fmedia&parent=8"}],"curies":[{"name":"wp","href":"https:\/\/api.w.org\/{rel}","templated":true}]}}